{"id":34837,"date":"2014-02-27T19:10:50","date_gmt":"2014-02-27T18:10:50","guid":{"rendered":"https:\/\/www.saintdizierenvironnement.eu\/sales-team\/"},"modified":"2025-06-18T09:11:47","modified_gmt":"2025-06-18T07:11:47","slug":"sales-team","status":"publish","type":"page","link":"https:\/\/www.saintdizierenvironnement.eu\/en\/sales-team\/","title":{"rendered":"Sales team"},"content":{"rendered":"\t\t<div data-elementor-type=\"wp-page\" data-elementor-id=\"34837\" class=\"elementor elementor-34837 elementor-55\" data-elementor-post-type=\"page\">\n\t\t\t\t<div class=\"elementor-element elementor-element-3f0cea77 e-flex e-con-boxed e-con e-parent\" data-id=\"3f0cea77\" data-element_type=\"container\">\n\t\t\t\t\t<div class=\"e-con-inner\">\n\t\t\t\t<div class=\"elementor-element elementor-element-5a169f73 elementor-widget elementor-widget-text-editor\" data-id=\"5a169f73\" data-element_type=\"widget\" data-widget_type=\"text-editor.default\">\n\t\t\t\t<div class=\"elementor-widget-container\">\n\t\t\t\t\t\t\t\t\t<p class=\"post_excerpt\">Saint Dizier environnement&#8217;s sales teams work closely with their customers in France and abroad. They adapt to local constraints and specificities to offer tailor-made water treatment products and solutions. <\/p><p><\/p><h2>Extensive nationwide sales coverage<\/h2><p>Saint Dizier environnement has a network of sales managers and sedentary sales representatives throughout France, with a presence in three strategic geographic zones (Euro region, \u00cele de France and Sud). The company is also present in French overseas departments and territories. <\/p><p> <\/p>\t\t\t\t\t\t\t\t<\/div>\n\t\t\t\t<\/div>\n\t\t\t\t\t<\/div>\n\t\t\t\t<\/div>\n\t\t<div class=\"elementor-element elementor-element-2f8a922 e-flex e-con-boxed e-con e-parent\" data-id=\"2f8a922\" data-element_type=\"container\">\n\t\t\t\t\t<div class=\"e-con-inner\">\n\t\t\t\t<div class=\"elementor-element elementor-element-3af0a48 elementor-widget elementor-widget-image\" data-id=\"3af0a48\" data-element_type=\"widget\" data-widget_type=\"image.default\">\n\t\t\t\t<div class=\"elementor-widget-container\">\n\t\t\t\t\t\t\t\t\t\t\t\t\t\t\t\t<a href=\"https:\/\/www.saintdizierenvironnement.eu\/app\/uploads\/2025\/01\/Map_V2_avec_contacts_SDE.png\" data-elementor-open-lightbox=\"yes\" data-elementor-lightbox-title=\"Map_V2_avec_contacts_SDE\" data-e-action-hash=\"#elementor-action%3Aaction%3Dlightbox%26settings%3DeyJpZCI6MzEwMzMsInVybCI6Imh0dHBzOlwvXC93d3cuc2FpbnRkaXppZXJlbnZpcm9ubmVtZW50LmV1XC9hcHBcL3VwbG9hZHNcLzIwMjVcLzAxXC9NYXBfVjJfYXZlY19jb250YWN0c19TREUucG5nIn0%3D\">\n\t\t\t\t\t\t\t<img fetchpriority=\"high\" decoding=\"async\" width=\"872\" height=\"655\" src=\"https:\/\/www.saintdizierenvironnement.eu\/app\/uploads\/2025\/01\/Map_V2_avec_contacts_SDE.png\" class=\"attachment-large size-large wp-image-31033\" alt=\"Carte de la structure commerciale Saint Dizier Environnement en France, r\u00e9partie en six secteurs color\u00e9s avec contacts r\u00e9gionaux.\" \/>\t\t\t\t\t\t\t\t<\/a>\n\t\t\t\t\t\t\t\t\t\t\t\t\t\t\t<\/div>\n\t\t\t\t<\/div>\n\t\t\t\t<div class=\"elementor-element elementor-element-521703d elementor-widget elementor-widget-text-editor\" data-id=\"521703d\" data-element_type=\"widget\" data-widget_type=\"text-editor.default\">\n\t\t\t\t<div class=\"elementor-widget-container\">\n\t\t\t\t\t\t\t\t\t<h2>Our contacts by sector<\/h2>\n<ul>\n \t<li>Ile de France area<a href=\"mailto:idf@sdenv.fr\">(idf@sdenv.fr<\/a> \/ 03 28 55 35 86)\n<ul>\n \t<li>Area Manager: Micka\u00ebl BERTHELIN  <\/li>\n \t<li>Sedentary: Sylvie CARPENTIER<\/li>\n<\/ul>\n<\/li>\n \t<li>North sector<a href=\"mailto:nord@sdenv.fr\">(nord@sdenv.fr<\/a> \/ 03 28 55 25 12)\n<ul>\n \t<li>Area Manager: Thibault COUPE<\/li>\n \t<li>Sedentary: Dominique CHABOU<\/li>\n<\/ul>\n<\/li>\n \t<li>Rh\u00f4ne-Alpes region<a href=\"mailto:rhonealpes@sdenv.fr\">(rhonealpes@sdenv.fr<\/a> \/ 04 66 74 19 14)\n<ul>\n \t<li>Area Manager: Jacques MAHIKIAN<\/li>\n \t<li>Sedentary: Sandrine SIX<\/li>\n<\/ul>\n<\/li>\n \t<li>PACA &#8211; Corsica area<a href=\"mailto:pacacorse@sdenv.fr\">(pacacorse@sdenv.fr<\/a> \/ 03 62 09 19 81)\n<ul>\n \t<li>Area Manager: Pierre Andr\u00e9 GATTO  <\/li>\n \t<li>Sedentary: Hugo RUCAR<\/li>\n<\/ul>\n<\/li>\n \t<li>Occitanie region<a href=\"mailto:occitanie@sdenv.fr\">(occitanie@sdenv.fr<\/a> \/ 03 62 09 19 81)\n<ul>\n \t<li>Area Manager: Cyril COSTERG<\/li>\n \t<li>Sedentary: Hugo RUCAR<\/li>\n<\/ul>\n<\/li>\n \t<li>South-West area<a href=\"mailto:sudouest@sdenv.fr\">(sudouest@sdenv.fr<\/a> \/ 04 66 74 19 10)\n<ul>\n \t<li>Area Manager :<\/li>\n \t<li>Sedentary: Chlo\u00e9 GOYEZ<\/li>\n<\/ul>\n<\/li>\n \t<li>Western sector<a href=\"mailto:ouest@sdenv.fr\">(ouest@sdenv.fr<\/a> \/ 04 66 74 19 10)\n<ul>\n \t<li>Area Manager: J\u00e9r\u00f4me LUCAS<\/li>\n \t<li>Sedentary: Chlo\u00e9 GOYEZ<\/li>\n<\/ul>\n<\/li>\n \t<li>Export<a href=\"mailto:export@sdenv.fr\">(export@sdenv.fr <\/a> \/ 01 46 04 77 98)\n<ul>\n \t<li>Export sales manager: Daniel BURACAS<\/li>\n \t<li>Export sales representative: Samantha KRZYZOSIAK<\/li>\n<\/ul>\n<\/li>\n \t<li>Offshore projects &amp; Scandinavia<a href=\"mailto:export@sdenv.fr\">(export@sdenv.fr <\/a> \/ 01 46 04 77 98)\n<ul>\n \t<li>Export sales manager: Pierre MOEBEL<\/li>\n \t<li>Export sales representative: Samantha KRZYZOSIAK<\/li>\n<\/ul>\n<\/li>\n \t<li>France\n<ul>\n \t<li>Major projects sales engineer: Herv\u00e9 PECHON<a href=\"mailto:hpechon@sdenv.fr\">(hpechon@sdenv.fr <\/a> \/ 06 19 97 61 90)<\/li>\n<\/ul>\n<\/li>\n<\/ul>\t\t\t\t\t\t\t\t<\/div>\n\t\t\t\t<\/div>\n\t\t\t\t\t<\/div>\n\t\t\t\t<\/div>\n\t\t<div class=\"elementor-element elementor-element-bf96a2b e-flex e-con-boxed e-con e-parent\" data-id=\"bf96a2b\" data-element_type=\"container\">\n\t\t\t\t\t<div class=\"e-con-inner\">\n\t\t\t\t<div class=\"elementor-element elementor-element-c0eccf4 elementor-widget elementor-widget-spacer\" data-id=\"c0eccf4\" data-element_type=\"widget\" data-widget_type=\"spacer.default\">\n\t\t\t\t<div class=\"elementor-widget-container\">\n\t\t\t\t\t\t\t<div class=\"elementor-spacer\">\n\t\t\t<div class=\"elementor-spacer-inner\"><\/div>\n\t\t<\/div>\n\t\t\t\t\t\t<\/div>\n\t\t\t\t<\/div>\n\t\t\t\t\t<\/div>\n\t\t\t\t<\/div>\n\t\t<div class=\"elementor-element elementor-element-733f304 e-flex e-con-boxed e-con e-parent\" data-id=\"733f304\" data-element_type=\"container\">\n\t\t\t\t\t<div class=\"e-con-inner\">\n\t\t\t\t<div class=\"elementor-element elementor-element-5f73240 elementor-widget elementor-widget-text-editor\" data-id=\"5f73240\" data-element_type=\"widget\" data-widget_type=\"text-editor.default\">\n\t\t\t\t<div class=\"elementor-widget-container\">\n\t\t\t\t\t\t\t\t\t<h2>Business development in neighbouring countries and recognition of our expertise abroad<\/h2><p>Saint Dizier environnement is also present abroad, in Germany, Poland, Belgium, Switzerland, Spain and elsewhere. Its references include installations at internationally renowned sites such as the international airports of Kuala Lumpur in Malaysia, Madrid, Barcelona, Paris&#8230; <\/p>\t\t\t\t\t\t\t\t<\/div>\n\t\t\t\t<\/div>\n\t\t\t\t\t<\/div>\n\t\t\t\t<\/div>\n\t\t<div class=\"elementor-element elementor-element-e4394a5 e-flex e-con-boxed e-con e-parent\" data-id=\"e4394a5\" data-element_type=\"container\">\n\t\t\t\t\t<div class=\"e-con-inner\">\n\t\t\t\t<div class=\"elementor-element elementor-element-5122517 elementor-widget elementor-widget-spacer\" data-id=\"5122517\" data-element_type=\"widget\" data-widget_type=\"spacer.default\">\n\t\t\t\t<div class=\"elementor-widget-container\">\n\t\t\t\t\t\t\t<div class=\"elementor-spacer\">\n\t\t\t<div class=\"elementor-spacer-inner\"><\/div>\n\t\t<\/div>\n\t\t\t\t\t\t<\/div>\n\t\t\t\t<\/div>\n\t\t\t\t\t<\/div>\n\t\t\t\t<\/div>\n\t\t\t\t<\/div>\n\t\t","protected":false},"excerpt":{"rendered":"<p>Saint Dizier environnement&#8217;s sales teams work closely with their customers in France and abroad. They adapt to local constraints and specificities to offer tailor-made water treatment products and solutions. Extensive nationwide sales coverage Saint Dizier environnement has [&hellip;]<\/p>\n","protected":false},"author":4,"featured_media":27688,"parent":0,"menu_order":0,"comment_status":"closed","ping_status":"open","template":"","meta":{"_acf_changed":false,"footnotes":""},"class_list":["post-34837","page","type-page","status-publish","has-post-thumbnail","hentry"],"acf":[],"yoast_head":"<!-- This site is optimized with the Yoast SEO plugin v26.4 - https:\/\/yoast.com\/wordpress\/plugins\/seo\/ -->\n<title>Sales team - Saint Dizier Environnement<\/title>\n<meta name=\"description\" content=\"Saint Dizier Environnement sales team: local, expert support for your water treatment projects, in France and abroad.\" \/>\n<meta name=\"robots\" content=\"index, follow, max-snippet:-1, max-image-preview:large, max-video-preview:-1\" \/>\n<link rel=\"canonical\" href=\"https:\/\/www.saintdizierenvironnement.eu\/en\/sales-team\/\" \/>\n<meta property=\"og:locale\" content=\"en_US\" \/>\n<meta property=\"og:type\" content=\"article\" \/>\n<meta property=\"og:title\" content=\"Sales team - Saint Dizier Environnement\" \/>\n<meta property=\"og:description\" content=\"Saint Dizier Environnement sales team: local, expert support for your water treatment projects, in France and abroad.\" \/>\n<meta property=\"og:url\" content=\"https:\/\/www.saintdizierenvironnement.eu\/en\/sales-team\/\" \/>\n<meta property=\"og:site_name\" content=\"Saint Dizier Environnement\" \/>\n<meta property=\"article:publisher\" content=\"https:\/\/www.facebook.com\/saintdizierenvironnement\/\" \/>\n<meta property=\"article:modified_time\" content=\"2025-06-18T07:11:47+00:00\" \/>\n<meta property=\"og:image\" content=\"https:\/\/www.saintdizierenvironnement.eu\/app\/uploads\/2014\/02\/arton17.png\" \/>\n\t<meta property=\"og:image:width\" content=\"1170\" \/>\n\t<meta property=\"og:image:height\" content=\"200\" \/>\n\t<meta property=\"og:image:type\" content=\"image\/png\" \/>\n<meta name=\"twitter:card\" content=\"summary_large_image\" \/>\n<meta name=\"twitter:label1\" content=\"Est. reading time\" \/>\n\t<meta name=\"twitter:data1\" content=\"1 minute\" \/>\n<script type=\"application\/ld+json\" class=\"yoast-schema-graph\">{\"@context\":\"https:\/\/schema.org\",\"@graph\":[{\"@type\":\"WebPage\",\"@id\":\"https:\/\/www.saintdizierenvironnement.eu\/en\/sales-team\/\",\"url\":\"https:\/\/www.saintdizierenvironnement.eu\/en\/sales-team\/\",\"name\":\"Sales team - Saint Dizier Environnement\",\"isPartOf\":{\"@id\":\"https:\/\/www.saintdizierenvironnement.eu\/en\/#website\"},\"primaryImageOfPage\":{\"@id\":\"https:\/\/www.saintdizierenvironnement.eu\/en\/sales-team\/#primaryimage\"},\"image\":{\"@id\":\"https:\/\/www.saintdizierenvironnement.eu\/en\/sales-team\/#primaryimage\"},\"thumbnailUrl\":\"https:\/\/www.saintdizierenvironnement.eu\/app\/uploads\/2014\/02\/arton17.png\",\"datePublished\":\"2014-02-27T18:10:50+00:00\",\"dateModified\":\"2025-06-18T07:11:47+00:00\",\"description\":\"Saint Dizier Environnement sales team: local, expert support for your water treatment projects, in France and abroad.\",\"breadcrumb\":{\"@id\":\"https:\/\/www.saintdizierenvironnement.eu\/en\/sales-team\/#breadcrumb\"},\"inLanguage\":\"en-US\",\"potentialAction\":[{\"@type\":\"ReadAction\",\"target\":[\"https:\/\/www.saintdizierenvironnement.eu\/en\/sales-team\/\"]}]},{\"@type\":\"ImageObject\",\"inLanguage\":\"en-US\",\"@id\":\"https:\/\/www.saintdizierenvironnement.eu\/en\/sales-team\/#primaryimage\",\"url\":\"https:\/\/www.saintdizierenvironnement.eu\/app\/uploads\/2014\/02\/arton17.png\",\"contentUrl\":\"https:\/\/www.saintdizierenvironnement.eu\/app\/uploads\/2014\/02\/arton17.png\",\"width\":1170,\"height\":200},{\"@type\":\"BreadcrumbList\",\"@id\":\"https:\/\/www.saintdizierenvironnement.eu\/en\/sales-team\/#breadcrumb\",\"itemListElement\":[{\"@type\":\"ListItem\",\"position\":1,\"name\":\"Accueil\",\"item\":\"https:\/\/www.saintdizierenvironnement.eu\/en\/\"},{\"@type\":\"ListItem\",\"position\":2,\"name\":\"Sales team\"}]},{\"@type\":\"WebSite\",\"@id\":\"https:\/\/www.saintdizierenvironnement.eu\/en\/#website\",\"url\":\"https:\/\/www.saintdizierenvironnement.eu\/en\/\",\"name\":\"Saint Dizier Environnement\",\"description\":\"\",\"potentialAction\":[{\"@type\":\"SearchAction\",\"target\":{\"@type\":\"EntryPoint\",\"urlTemplate\":\"https:\/\/www.saintdizierenvironnement.eu\/en\/?s={search_term_string}\"},\"query-input\":{\"@type\":\"PropertyValueSpecification\",\"valueRequired\":true,\"valueName\":\"search_term_string\"}}],\"inLanguage\":\"en-US\"}]}<\/script>\n<!-- \/ Yoast SEO plugin. -->","yoast_head_json":{"title":"Sales team - Saint Dizier Environnement","description":"Saint Dizier Environnement sales team: local, expert support for your water treatment projects, in France and abroad.","robots":{"index":"index","follow":"follow","max-snippet":"max-snippet:-1","max-image-preview":"max-image-preview:large","max-video-preview":"max-video-preview:-1"},"canonical":"https:\/\/www.saintdizierenvironnement.eu\/en\/sales-team\/","og_locale":"en_US","og_type":"article","og_title":"Sales team - Saint Dizier Environnement","og_description":"Saint Dizier Environnement sales team: local, expert support for your water treatment projects, in France and abroad.","og_url":"https:\/\/www.saintdizierenvironnement.eu\/en\/sales-team\/","og_site_name":"Saint Dizier Environnement","article_publisher":"https:\/\/www.facebook.com\/saintdizierenvironnement\/","article_modified_time":"2025-06-18T07:11:47+00:00","og_image":[{"width":1170,"height":200,"url":"https:\/\/www.saintdizierenvironnement.eu\/app\/uploads\/2014\/02\/arton17.png","type":"image\/png"}],"twitter_card":"summary_large_image","twitter_misc":{"Est. reading time":"1 minute"},"schema":{"@context":"https:\/\/schema.org","@graph":[{"@type":"WebPage","@id":"https:\/\/www.saintdizierenvironnement.eu\/en\/sales-team\/","url":"https:\/\/www.saintdizierenvironnement.eu\/en\/sales-team\/","name":"Sales team - Saint Dizier Environnement","isPartOf":{"@id":"https:\/\/www.saintdizierenvironnement.eu\/en\/#website"},"primaryImageOfPage":{"@id":"https:\/\/www.saintdizierenvironnement.eu\/en\/sales-team\/#primaryimage"},"image":{"@id":"https:\/\/www.saintdizierenvironnement.eu\/en\/sales-team\/#primaryimage"},"thumbnailUrl":"https:\/\/www.saintdizierenvironnement.eu\/app\/uploads\/2014\/02\/arton17.png","datePublished":"2014-02-27T18:10:50+00:00","dateModified":"2025-06-18T07:11:47+00:00","description":"Saint Dizier Environnement sales team: local, expert support for your water treatment projects, in France and abroad.","breadcrumb":{"@id":"https:\/\/www.saintdizierenvironnement.eu\/en\/sales-team\/#breadcrumb"},"inLanguage":"en-US","potentialAction":[{"@type":"ReadAction","target":["https:\/\/www.saintdizierenvironnement.eu\/en\/sales-team\/"]}]},{"@type":"ImageObject","inLanguage":"en-US","@id":"https:\/\/www.saintdizierenvironnement.eu\/en\/sales-team\/#primaryimage","url":"https:\/\/www.saintdizierenvironnement.eu\/app\/uploads\/2014\/02\/arton17.png","contentUrl":"https:\/\/www.saintdizierenvironnement.eu\/app\/uploads\/2014\/02\/arton17.png","width":1170,"height":200},{"@type":"BreadcrumbList","@id":"https:\/\/www.saintdizierenvironnement.eu\/en\/sales-team\/#breadcrumb","itemListElement":[{"@type":"ListItem","position":1,"name":"Accueil","item":"https:\/\/www.saintdizierenvironnement.eu\/en\/"},{"@type":"ListItem","position":2,"name":"Sales team"}]},{"@type":"WebSite","@id":"https:\/\/www.saintdizierenvironnement.eu\/en\/#website","url":"https:\/\/www.saintdizierenvironnement.eu\/en\/","name":"Saint Dizier Environnement","description":"","potentialAction":[{"@type":"SearchAction","target":{"@type":"EntryPoint","urlTemplate":"https:\/\/www.saintdizierenvironnement.eu\/en\/?s={search_term_string}"},"query-input":{"@type":"PropertyValueSpecification","valueRequired":true,"valueName":"search_term_string"}}],"inLanguage":"en-US"}]}},"_links":{"self":[{"href":"https:\/\/www.saintdizierenvironnement.eu\/en\/wp-json\/wp\/v2\/pages\/34837","targetHints":{"allow":["GET"]}}],"collection":[{"href":"https:\/\/www.saintdizierenvironnement.eu\/en\/wp-json\/wp\/v2\/pages"}],"about":[{"href":"https:\/\/www.saintdizierenvironnement.eu\/en\/wp-json\/wp\/v2\/types\/page"}],"author":[{"embeddable":true,"href":"https:\/\/www.saintdizierenvironnement.eu\/en\/wp-json\/wp\/v2\/users\/4"}],"replies":[{"embeddable":true,"href":"https:\/\/www.saintdizierenvironnement.eu\/en\/wp-json\/wp\/v2\/comments?post=34837"}],"version-history":[{"count":1,"href":"https:\/\/www.saintdizierenvironnement.eu\/en\/wp-json\/wp\/v2\/pages\/34837\/revisions"}],"predecessor-version":[{"id":34841,"href":"https:\/\/www.saintdizierenvironnement.eu\/en\/wp-json\/wp\/v2\/pages\/34837\/revisions\/34841"}],"wp:featuredmedia":[{"embeddable":true,"href":"https:\/\/www.saintdizierenvironnement.eu\/en\/wp-json\/wp\/v2\/media\/27688"}],"wp:attachment":[{"href":"https:\/\/www.saintdizierenvironnement.eu\/en\/wp-json\/wp\/v2\/media?parent=34837"}],"curies":[{"name":"wp","href":"https:\/\/api.w.org\/{rel}","templated":true}]}}